{"id":2,"date":"2021-05-02T12:03:29","date_gmt":"2021-05-02T12:03:29","guid":{"rendered":"https:\/\/the7.io\/winery\/?page_id=2"},"modified":"2024-10-15T16:26:00","modified_gmt":"2024-10-15T14:26:00","slug":"contact","status":"publish","type":"page","link":"https:\/\/hotel-terminus-tournus.com\/en\/contact\/","title":{"rendered":"Contact &amp; Access"},"content":{"rendered":"\t\t<div data-elementor-type=\"wp-page\" data-elementor-id=\"2\" class=\"elementor elementor-2\" data-elementor-post-type=\"page\">\n\t\t\t\t\t\t<section class=\"elementor-section elementor-top-section elementor-element elementor-element-dfe7317 elementor-section-height-min-height elementor-section-items-stretch elementor-section-boxed elementor-section-height-default\" data-id=\"dfe7317\" data-element_type=\"section\" data-e-type=\"section\" data-settings=\"{&quot;background_background&quot;:&quot;classic&quot;,&quot;background_motion_fx_motion_fx_scrolling&quot;:&quot;yes&quot;,&quot;background_motion_fx_translateY_effect&quot;:&quot;yes&quot;,&quot;background_motion_fx_translateY_speed&quot;:{&quot;unit&quot;:&quot;px&quot;,&quot;size&quot;:8,&quot;sizes&quot;:[]},&quot;background_motion_fx_translateY_affectedRange&quot;:{&quot;unit&quot;:&quot;%&quot;,&quot;size&quot;:&quot;&quot;,&quot;sizes&quot;:{&quot;start&quot;:0,&quot;end&quot;:100}},&quot;background_motion_fx_devices&quot;:[&quot;desktop&quot;,&quot;tablet&quot;,&quot;mobile&quot;]}\">\n\t\t\t\t\t\t\t<div class=\"elementor-background-overlay\"><\/div>\n\t\t\t\t\t\t\t<div class=\"elementor-container elementor-column-gap-wide\">\n\t\t\t\t\t<div class=\"elementor-column elementor-col-100 elementor-top-column elementor-element elementor-element-2e4f7fd\" data-id=\"2e4f7fd\" data-element_type=\"column\" data-e-type=\"column\">\n\t\t\t<div class=\"elementor-widget-wrap elementor-element-populated\">\n\t\t\t\t\t\t\t<\/div>\n\t\t<\/div>\n\t\t\t\t\t<\/div>\n\t\t<\/section>\n\t\t\t\t<section class=\"elementor-section elementor-top-section elementor-element elementor-element-115a3c0 elementor-section-full_width elementor-section-height-min-height elementor-section-items-stretch elementor-section-content-middle elementor-section-height-default\" data-id=\"115a3c0\" data-element_type=\"section\" data-e-type=\"section\" data-settings=\"{&quot;background_background&quot;:&quot;classic&quot;}\">\n\t\t\t\t\t\t<div class=\"elementor-container elementor-column-gap-no\">\n\t\t\t\t\t<div class=\"elementor-column elementor-col-50 elementor-top-column elementor-element elementor-element-4de344c\" data-id=\"4de344c\" data-element_type=\"column\" data-e-type=\"column\">\n\t\t\t<div class=\"elementor-widget-wrap elementor-element-populated\">\n\t\t\t\t\t\t<section class=\"elementor-section elementor-inner-section elementor-element elementor-element-cb12e32 elementor-section-boxed elementor-section-height-default elementor-section-height-default\" data-id=\"cb12e32\" data-element_type=\"section\" data-e-type=\"section\">\n\t\t\t\t\t\t<div class=\"elementor-container elementor-column-gap-wide\">\n\t\t\t\t\t<div class=\"elementor-column elementor-col-100 elementor-inner-column elementor-element elementor-element-afb5e85\" data-id=\"afb5e85\" data-element_type=\"column\" data-e-type=\"column\">\n\t\t\t<div class=\"elementor-widget-wrap elementor-element-populated\">\n\t\t\t\t\t\t<div class=\"elementor-element elementor-element-9e92c9c elementor-widget elementor-widget-heading\" data-id=\"9e92c9c\" data-element_type=\"widget\" data-e-type=\"widget\" data-widget_type=\"heading.default\">\n\t\t\t\t<div class=\"elementor-widget-container\">\n\t\t\t\t\t<h2 class=\"elementor-heading-title elementor-size-default\">H\u00f4tel Terminus Tournus<\/h2>\t\t\t\t<\/div>\n\t\t\t\t<\/div>\n\t\t\t\t<div class=\"elementor-element elementor-element-ee293ce elementor-widget elementor-widget-spacer\" data-id=\"ee293ce\" data-element_type=\"widget\" data-e-type=\"widget\" data-widget_type=\"spacer.default\">\n\t\t\t\t<div class=\"elementor-widget-container\">\n\t\t\t\t\t\t\t<div class=\"elementor-spacer\">\n\t\t\t<div class=\"elementor-spacer-inner\"><\/div>\n\t\t<\/div>\n\t\t\t\t\t\t<\/div>\n\t\t\t\t<\/div>\n\t\t\t\t<div class=\"elementor-element elementor-element-8700cbe elementor-widget elementor-widget-text-editor\" data-id=\"8700cbe\" data-element_type=\"widget\" data-e-type=\"widget\" data-widget_type=\"text-editor.default\">\n\t\t\t\t<div class=\"elementor-widget-container\">\n\t\t\t\t\t\t\t\t\t<p>Nathalie et son \u00e9quipe vous accueillent les lundi et mardi &amp; du jeudi au samedi. Pour le d\u00e9jeuner de 12h \u00e0 14h et pour le d\u00eener de 19h00 \u00e0 21h00.<\/p><p><strong>Fermeture mercredi et dimanche.<\/strong><\/p>\t\t\t\t\t\t\t\t<\/div>\n\t\t\t\t<\/div>\n\t\t\t\t<div class=\"elementor-element elementor-element-cde89d4 elementor-widget elementor-widget-spacer\" data-id=\"cde89d4\" data-element_type=\"widget\" data-e-type=\"widget\" data-widget_type=\"spacer.default\">\n\t\t\t\t<div class=\"elementor-widget-container\">\n\t\t\t\t\t\t\t<div class=\"elementor-spacer\">\n\t\t\t<div class=\"elementor-spacer-inner\"><\/div>\n\t\t<\/div>\n\t\t\t\t\t\t<\/div>\n\t\t\t\t<\/div>\n\t\t\t\t<div class=\"elementor-element elementor-element-59ad7a4 elementor-align-start contact-information elementor-icon-list--layout-traditional elementor-list-item-link-full_width elementor-widget elementor-widget-icon-list\" data-id=\"59ad7a4\" data-element_type=\"widget\" data-e-type=\"widget\" data-widget_type=\"icon-list.default\">\n\t\t\t\t<div class=\"elementor-widget-container\">\n\t\t\t\t\t\t\t<ul class=\"elementor-icon-list-items\">\n\t\t\t\t\t\t\t<li class=\"elementor-icon-list-item\">\n\t\t\t\t\t\t\t\t\t\t\t<a href=\"https:\/\/goo.gl\/maps\/bbQzi8GEjQBo2Bq5A\">\n\n\t\t\t\t\t\t\t\t\t\t\t\t<span class=\"elementor-icon-list-icon\">\n\t\t\t\t\t\t\t<i aria-hidden=\"true\" class=\" icomoon-the7-font-the7-map-06\"><\/i>\t\t\t\t\t\t<\/span>\n\t\t\t\t\t\t\t\t\t\t<span class=\"elementor-icon-list-text\">21 avenue Gambetta, 71700 Tournus<\/span>\n\t\t\t\t\t\t\t\t\t\t\t<\/a>\n\t\t\t\t\t\t\t\t\t<\/li>\n\t\t\t\t\t\t\t\t<li class=\"elementor-icon-list-item\">\n\t\t\t\t\t\t\t\t\t\t\t<a href=\"mailto:leterminustournus@orange.fr\">\n\n\t\t\t\t\t\t\t\t\t\t\t\t<span class=\"elementor-icon-list-icon\">\n\t\t\t\t\t\t\t<i aria-hidden=\"true\" class=\" icomoon-the7-font-the7-mail-02\"><\/i>\t\t\t\t\t\t<\/span>\n\t\t\t\t\t\t\t\t\t\t<span class=\"elementor-icon-list-text\">leterminustournus@orange.fr<\/span>\n\t\t\t\t\t\t\t\t\t\t\t<\/a>\n\t\t\t\t\t\t\t\t\t<\/li>\n\t\t\t\t\t\t\t\t<li class=\"elementor-icon-list-item\">\n\t\t\t\t\t\t\t\t\t\t\t<span class=\"elementor-icon-list-icon\">\n\t\t\t\t\t\t\t<i aria-hidden=\"true\" class=\"fas fa-phone-alt\"><\/i>\t\t\t\t\t\t<\/span>\n\t\t\t\t\t\t\t\t\t\t<span class=\"elementor-icon-list-text\">Afficher le num\u00e9ro<\/span>\n\t\t\t\t\t\t\t\t\t<\/li>\n\t\t\t\t\t\t\t\t<li class=\"elementor-icon-list-item\">\n\t\t\t\t\t\t\t\t\t\t\t<a href=\"tel:+33385510554\">\n\n\t\t\t\t\t\t\t\t\t\t\t\t<span class=\"elementor-icon-list-icon\">\n\t\t\t\t\t\t\t<i aria-hidden=\"true\" class=\"fas fa-phone-alt\"><\/i>\t\t\t\t\t\t<\/span>\n\t\t\t\t\t\t\t\t\t\t<span class=\"elementor-icon-list-text\">03 85 51 05 54<\/span>\n\t\t\t\t\t\t\t\t\t\t\t<\/a>\n\t\t\t\t\t\t\t\t\t<\/li>\n\t\t\t\t\t\t<\/ul>\n\t\t\t\t\t\t<\/div>\n\t\t\t\t<\/div>\n\t\t\t\t<div class=\"elementor-element elementor-element-40696be elementor-widget elementor-widget-spacer\" data-id=\"40696be\" data-element_type=\"widget\" data-e-type=\"widget\" data-widget_type=\"spacer.default\">\n\t\t\t\t<div class=\"elementor-widget-container\">\n\t\t\t\t\t\t\t<div class=\"elementor-spacer\">\n\t\t\t<div class=\"elementor-spacer-inner\"><\/div>\n\t\t<\/div>\n\t\t\t\t\t\t<\/div>\n\t\t\t\t<\/div>\n\t\t\t\t<div class=\"elementor-element elementor-element-7450c07 elementor-mobile-align-justify elementor-widget elementor-widget-button\" data-id=\"7450c07\" data-element_type=\"widget\" data-e-type=\"widget\" data-widget_type=\"button.default\">\n\t\t\t\t<div class=\"elementor-widget-container\">\n\t\t\t\t\t\t\t\t\t<div class=\"elementor-button-wrapper\">\n\t\t\t\t\t<a class=\"elementor-button elementor-button-link elementor-size-sm\" href=\"https:\/\/via.eviivo.com\/LeTerminus71700\" target=\"_blank\">\n\t\t\t\t\t\t<span class=\"elementor-button-content-wrapper\">\n\t\t\t\t\t\t\t\t\t<span class=\"elementor-button-text\">R\u00e9server une chambre<\/span>\n\t\t\t\t\t<\/span>\n\t\t\t\t\t<\/a>\n\t\t\t\t<\/div>\n\t\t\t\t\t\t\t\t<\/div>\n\t\t\t\t<\/div>\n\t\t\t\t<div class=\"elementor-element elementor-element-b2405dd elementor-widget elementor-widget-spacer\" data-id=\"b2405dd\" data-element_type=\"widget\" data-e-type=\"widget\" data-widget_type=\"spacer.default\">\n\t\t\t\t<div class=\"elementor-widget-container\">\n\t\t\t\t\t\t\t<div class=\"elementor-spacer\">\n\t\t\t<div class=\"elementor-spacer-inner\"><\/div>\n\t\t<\/div>\n\t\t\t\t\t\t<\/div>\n\t\t\t\t<\/div>\n\t\t\t\t<div class=\"elementor-element elementor-element-92959e2 elementor-mobile-align-justify elementor-widget elementor-widget-button\" data-id=\"92959e2\" data-element_type=\"widget\" data-e-type=\"widget\" data-widget_type=\"button.default\">\n\t\t\t\t<div class=\"elementor-widget-container\">\n\t\t\t\t\t\t\t\t\t<div class=\"elementor-button-wrapper\">\n\t\t\t\t\t<a class=\"elementor-button elementor-button-link elementor-size-sm\" href=\"https:\/\/hotel-terminus-tournus.com\/reserver-une-table\/\">\n\t\t\t\t\t\t<span class=\"elementor-button-content-wrapper\">\n\t\t\t\t\t\t\t\t\t<span class=\"elementor-button-text\">R\u00e9server une table<\/span>\n\t\t\t\t\t<\/span>\n\t\t\t\t\t<\/a>\n\t\t\t\t<\/div>\n\t\t\t\t\t\t\t\t<\/div>\n\t\t\t\t<\/div>\n\t\t\t\t<div class=\"elementor-element elementor-element-a3e2e7a elementor-widget elementor-widget-spacer\" data-id=\"a3e2e7a\" data-element_type=\"widget\" data-e-type=\"widget\" data-widget_type=\"spacer.default\">\n\t\t\t\t<div class=\"elementor-widget-container\">\n\t\t\t\t\t\t\t<div class=\"elementor-spacer\">\n\t\t\t<div class=\"elementor-spacer-inner\"><\/div>\n\t\t<\/div>\n\t\t\t\t\t\t<\/div>\n\t\t\t\t<\/div>\n\t\t\t\t\t<\/div>\n\t\t<\/div>\n\t\t\t\t\t<\/div>\n\t\t<\/section>\n\t\t\t\t\t<\/div>\n\t\t<\/div>\n\t\t\t\t<div class=\"elementor-column elementor-col-50 elementor-top-column elementor-element elementor-element-4f51c9e\" data-id=\"4f51c9e\" data-element_type=\"column\" data-e-type=\"column\" data-settings=\"{&quot;background_background&quot;:&quot;classic&quot;}\">\n\t\t\t<div class=\"elementor-widget-wrap elementor-element-populated\">\n\t\t\t\t\t\t<div class=\"elementor-element elementor-element-3278fdc elementor-widget elementor-widget-google_maps\" data-id=\"3278fdc\" data-element_type=\"widget\" data-e-type=\"widget\" data-widget_type=\"google_maps.default\">\n\t\t\t\t<div class=\"elementor-widget-container\">\n\t\t\t\t\t\t\t<div class=\"elementor-custom-embed\">\n\t\t\t<iframe loading=\"lazy\"\n\t\t\t\t\tsrc=\"https:\/\/maps.google.com\/maps?q=Hotel%20terminus%20tournus&#038;t=m&#038;z=18&#038;output=embed&#038;iwloc=near\"\n\t\t\t\t\ttitle=\"Hotel terminus tournus\"\n\t\t\t\t\taria-label=\"Hotel terminus tournus\"\n\t\t\t><\/iframe>\n\t\t<\/div>\n\t\t\t\t\t\t<\/div>\n\t\t\t\t<\/div>\n\t\t\t\t\t<\/div>\n\t\t<\/div>\n\t\t\t\t\t<\/div>\n\t\t<\/section>\n\t\t\t\t<\/div>\n\t\t","protected":false},"excerpt":{"rendered":"<p>Nathalie et son \u00e9quipe vous accueillent les lundi et mardi &amp; du jeudi au samedi. Pour le d\u00e9jeuner de 12h \u00e0 14h et pour le d\u00eener de 19h00 \u00e0 21h00. Fermeture mercredi et dimanche. 21 avenue Gambetta, 71700 Tournus leterminustournus@orange.fr Afficher le num\u00e9ro 03 85 51 05 54 R\u00e9server une chambre R\u00e9server une table<\/p>","protected":false},"author":1,"featured_media":30900,"parent":0,"menu_order":99,"comment_status":"closed","ping_status":"closed","template":"","meta":{"_acf_changed":false,"footnotes":""},"class_list":["post-2","page","type-page","status-publish","has-post-thumbnail","hentry"],"acf":[],"yoast_head":"<!-- This site is optimized with the Yoast SEO plugin v27.4 - https:\/\/yoast.com\/product\/yoast-seo-wordpress\/ -->\n<title>Contact &amp; Acc\u00e8s - H\u00f4tel Terminus Tournus<\/title>\n<meta name=\"robots\" content=\"index, follow, max-snippet:-1, max-image-preview:large, max-video-preview:-1\" \/>\n<link rel=\"canonical\" href=\"https:\/\/hotel-terminus-tournus.com\/en\/contact\/\" \/>\n<meta property=\"og:locale\" content=\"en_GB\" \/>\n<meta property=\"og:type\" content=\"article\" \/>\n<meta property=\"og:title\" content=\"Contact &amp; Acc\u00e8s - H\u00f4tel Terminus Tournus\" \/>\n<meta property=\"og:description\" content=\"Nathalie et son \u00e9quipe vous accueillent les lundi et mardi &amp; du jeudi au samedi. Pour le d\u00e9jeuner de 12h \u00e0 14h et pour le d\u00eener de 19h00 \u00e0 21h00. Fermeture mercredi et dimanche. 21 avenue Gambetta, 71700 Tournus leterminustournus@orange.fr Afficher le num\u00e9ro 03 85 51 05 54 R\u00e9server une chambre R\u00e9server une table\" \/>\n<meta property=\"og:url\" content=\"https:\/\/hotel-terminus-tournus.com\/en\/contact\/\" \/>\n<meta property=\"og:site_name\" content=\"H\u00f4tel Terminus Tournus\" \/>\n<meta property=\"article:modified_time\" content=\"2024-10-15T14:26:00+00:00\" \/>\n<meta property=\"og:image\" content=\"https:\/\/hotel-terminus-tournus.com\/wp-content\/uploads\/2022\/05\/NJO06110.jpg\" \/>\n\t<meta property=\"og:image:width\" content=\"827\" \/>\n\t<meta property=\"og:image:height\" content=\"1240\" \/>\n\t<meta property=\"og:image:type\" content=\"image\/jpeg\" \/>\n<meta name=\"twitter:card\" content=\"summary_large_image\" \/>\n<meta name=\"twitter:label1\" content=\"Estimated reading time\" \/>\n\t<meta name=\"twitter:data1\" content=\"1 minute\" \/>\n<script type=\"application\/ld+json\" class=\"yoast-schema-graph\">{\"@context\":\"https:\\\/\\\/schema.org\",\"@graph\":[{\"@type\":\"WebPage\",\"@id\":\"https:\\\/\\\/hotel-terminus-tournus.com\\\/contact\\\/\",\"url\":\"https:\\\/\\\/hotel-terminus-tournus.com\\\/contact\\\/\",\"name\":\"Contact & Acc\u00e8s - H\u00f4tel Terminus Tournus\",\"isPartOf\":{\"@id\":\"https:\\\/\\\/hotel-terminus-tournus.com\\\/#website\"},\"primaryImageOfPage\":{\"@id\":\"https:\\\/\\\/hotel-terminus-tournus.com\\\/contact\\\/#primaryimage\"},\"image\":{\"@id\":\"https:\\\/\\\/hotel-terminus-tournus.com\\\/contact\\\/#primaryimage\"},\"thumbnailUrl\":\"https:\\\/\\\/hotel-terminus-tournus.com\\\/wp-content\\\/uploads\\\/2022\\\/05\\\/NJO06110.jpg\",\"datePublished\":\"2021-05-02T12:03:29+00:00\",\"dateModified\":\"2024-10-15T14:26:00+00:00\",\"breadcrumb\":{\"@id\":\"https:\\\/\\\/hotel-terminus-tournus.com\\\/contact\\\/#breadcrumb\"},\"inLanguage\":\"en-GB\",\"potentialAction\":[{\"@type\":\"ReadAction\",\"target\":[\"https:\\\/\\\/hotel-terminus-tournus.com\\\/contact\\\/\"]}]},{\"@type\":\"ImageObject\",\"inLanguage\":\"en-GB\",\"@id\":\"https:\\\/\\\/hotel-terminus-tournus.com\\\/contact\\\/#primaryimage\",\"url\":\"https:\\\/\\\/hotel-terminus-tournus.com\\\/wp-content\\\/uploads\\\/2022\\\/05\\\/NJO06110.jpg\",\"contentUrl\":\"https:\\\/\\\/hotel-terminus-tournus.com\\\/wp-content\\\/uploads\\\/2022\\\/05\\\/NJO06110.jpg\",\"width\":827,\"height\":1240},{\"@type\":\"BreadcrumbList\",\"@id\":\"https:\\\/\\\/hotel-terminus-tournus.com\\\/contact\\\/#breadcrumb\",\"itemListElement\":[{\"@type\":\"ListItem\",\"position\":1,\"name\":\"Accueil\",\"item\":\"https:\\\/\\\/hotel-terminus-tournus.com\\\/\"},{\"@type\":\"ListItem\",\"position\":2,\"name\":\"Contact &#038; Acc\u00e8s\"}]},{\"@type\":\"WebSite\",\"@id\":\"https:\\\/\\\/hotel-terminus-tournus.com\\\/#website\",\"url\":\"https:\\\/\\\/hotel-terminus-tournus.com\\\/\",\"name\":\"H\u00f4tel Terminus Tournus\",\"description\":\"H\u00f4tel &amp; Restaurant depuis 2004\",\"publisher\":{\"@id\":\"https:\\\/\\\/hotel-terminus-tournus.com\\\/#organization\"},\"potentialAction\":[{\"@type\":\"SearchAction\",\"target\":{\"@type\":\"EntryPoint\",\"urlTemplate\":\"https:\\\/\\\/hotel-terminus-tournus.com\\\/?s={search_term_string}\"},\"query-input\":{\"@type\":\"PropertyValueSpecification\",\"valueRequired\":true,\"valueName\":\"search_term_string\"}}],\"inLanguage\":\"en-GB\"},{\"@type\":\"Organization\",\"@id\":\"https:\\\/\\\/hotel-terminus-tournus.com\\\/#organization\",\"name\":\"H\u00f4tel Terminus Tournus\",\"url\":\"https:\\\/\\\/hotel-terminus-tournus.com\\\/\",\"logo\":{\"@type\":\"ImageObject\",\"inLanguage\":\"en-GB\",\"@id\":\"https:\\\/\\\/hotel-terminus-tournus.com\\\/#\\\/schema\\\/logo\\\/image\\\/\",\"url\":\"https:\\\/\\\/hotel-terminus-tournus.com\\\/wp-content\\\/uploads\\\/2022\\\/05\\\/logo-le-terminus.png\",\"contentUrl\":\"https:\\\/\\\/hotel-terminus-tournus.com\\\/wp-content\\\/uploads\\\/2022\\\/05\\\/logo-le-terminus.png\",\"width\":280,\"height\":60,\"caption\":\"H\u00f4tel Terminus Tournus\"},\"image\":{\"@id\":\"https:\\\/\\\/hotel-terminus-tournus.com\\\/#\\\/schema\\\/logo\\\/image\\\/\"}}]}<\/script>\n<!-- \/ Yoast SEO plugin. -->","yoast_head_json":{"title":"Contact & Acc\u00e8s - H\u00f4tel Terminus Tournus","robots":{"index":"index","follow":"follow","max-snippet":"max-snippet:-1","max-image-preview":"max-image-preview:large","max-video-preview":"max-video-preview:-1"},"canonical":"https:\/\/hotel-terminus-tournus.com\/en\/contact\/","og_locale":"en_GB","og_type":"article","og_title":"Contact & Acc\u00e8s - H\u00f4tel Terminus Tournus","og_description":"Nathalie et son \u00e9quipe vous accueillent les lundi et mardi &amp; du jeudi au samedi. Pour le d\u00e9jeuner de 12h \u00e0 14h et pour le d\u00eener de 19h00 \u00e0 21h00. Fermeture mercredi et dimanche. 21 avenue Gambetta, 71700 Tournus leterminustournus@orange.fr Afficher le num\u00e9ro 03 85 51 05 54 R\u00e9server une chambre R\u00e9server une table","og_url":"https:\/\/hotel-terminus-tournus.com\/en\/contact\/","og_site_name":"H\u00f4tel Terminus Tournus","article_modified_time":"2024-10-15T14:26:00+00:00","og_image":[{"width":827,"height":1240,"url":"https:\/\/hotel-terminus-tournus.com\/wp-content\/uploads\/2022\/05\/NJO06110.jpg","type":"image\/jpeg"}],"twitter_card":"summary_large_image","twitter_misc":{"Estimated reading time":"1 minute"},"schema":{"@context":"https:\/\/schema.org","@graph":[{"@type":"WebPage","@id":"https:\/\/hotel-terminus-tournus.com\/contact\/","url":"https:\/\/hotel-terminus-tournus.com\/contact\/","name":"Contact & Acc\u00e8s - H\u00f4tel Terminus Tournus","isPartOf":{"@id":"https:\/\/hotel-terminus-tournus.com\/#website"},"primaryImageOfPage":{"@id":"https:\/\/hotel-terminus-tournus.com\/contact\/#primaryimage"},"image":{"@id":"https:\/\/hotel-terminus-tournus.com\/contact\/#primaryimage"},"thumbnailUrl":"https:\/\/hotel-terminus-tournus.com\/wp-content\/uploads\/2022\/05\/NJO06110.jpg","datePublished":"2021-05-02T12:03:29+00:00","dateModified":"2024-10-15T14:26:00+00:00","breadcrumb":{"@id":"https:\/\/hotel-terminus-tournus.com\/contact\/#breadcrumb"},"inLanguage":"en-GB","potentialAction":[{"@type":"ReadAction","target":["https:\/\/hotel-terminus-tournus.com\/contact\/"]}]},{"@type":"ImageObject","inLanguage":"en-GB","@id":"https:\/\/hotel-terminus-tournus.com\/contact\/#primaryimage","url":"https:\/\/hotel-terminus-tournus.com\/wp-content\/uploads\/2022\/05\/NJO06110.jpg","contentUrl":"https:\/\/hotel-terminus-tournus.com\/wp-content\/uploads\/2022\/05\/NJO06110.jpg","width":827,"height":1240},{"@type":"BreadcrumbList","@id":"https:\/\/hotel-terminus-tournus.com\/contact\/#breadcrumb","itemListElement":[{"@type":"ListItem","position":1,"name":"Accueil","item":"https:\/\/hotel-terminus-tournus.com\/"},{"@type":"ListItem","position":2,"name":"Contact &#038; Acc\u00e8s"}]},{"@type":"WebSite","@id":"https:\/\/hotel-terminus-tournus.com\/#website","url":"https:\/\/hotel-terminus-tournus.com\/","name":"Hotel Terminus Tournus","description":"H\u00f4tel &amp; Restaurant depuis 2004","publisher":{"@id":"https:\/\/hotel-terminus-tournus.com\/#organization"},"potentialAction":[{"@type":"SearchAction","target":{"@type":"EntryPoint","urlTemplate":"https:\/\/hotel-terminus-tournus.com\/?s={search_term_string}"},"query-input":{"@type":"PropertyValueSpecification","valueRequired":true,"valueName":"search_term_string"}}],"inLanguage":"en-GB"},{"@type":"Organization","@id":"https:\/\/hotel-terminus-tournus.com\/#organization","name":"Hotel Terminus Tournus","url":"https:\/\/hotel-terminus-tournus.com\/","logo":{"@type":"ImageObject","inLanguage":"en-GB","@id":"https:\/\/hotel-terminus-tournus.com\/#\/schema\/logo\/image\/","url":"https:\/\/hotel-terminus-tournus.com\/wp-content\/uploads\/2022\/05\/logo-le-terminus.png","contentUrl":"https:\/\/hotel-terminus-tournus.com\/wp-content\/uploads\/2022\/05\/logo-le-terminus.png","width":280,"height":60,"caption":"H\u00f4tel Terminus Tournus"},"image":{"@id":"https:\/\/hotel-terminus-tournus.com\/#\/schema\/logo\/image\/"}}]}},"_links":{"self":[{"href":"https:\/\/hotel-terminus-tournus.com\/en\/wp-json\/wp\/v2\/pages\/2","targetHints":{"allow":["GET"]}}],"collection":[{"href":"https:\/\/hotel-terminus-tournus.com\/en\/wp-json\/wp\/v2\/pages"}],"about":[{"href":"https:\/\/hotel-terminus-tournus.com\/en\/wp-json\/wp\/v2\/types\/page"}],"author":[{"embeddable":true,"href":"https:\/\/hotel-terminus-tournus.com\/en\/wp-json\/wp\/v2\/users\/1"}],"replies":[{"embeddable":true,"href":"https:\/\/hotel-terminus-tournus.com\/en\/wp-json\/wp\/v2\/comments?post=2"}],"version-history":[{"count":1,"href":"https:\/\/hotel-terminus-tournus.com\/en\/wp-json\/wp\/v2\/pages\/2\/revisions"}],"predecessor-version":[{"id":32609,"href":"https:\/\/hotel-terminus-tournus.com\/en\/wp-json\/wp\/v2\/pages\/2\/revisions\/32609"}],"wp:featuredmedia":[{"embeddable":true,"href":"https:\/\/hotel-terminus-tournus.com\/en\/wp-json\/wp\/v2\/media\/30900"}],"wp:attachment":[{"href":"https:\/\/hotel-terminus-tournus.com\/en\/wp-json\/wp\/v2\/media?parent=2"}],"curies":[{"name":"wp","href":"https:\/\/api.w.org\/{rel}","templated":true}]}}