{"id":878,"date":"2021-05-04T11:36:33","date_gmt":"2021-05-04T11:36:33","guid":{"rendered":"https:\/\/the7.io\/winery\/?page_id=878"},"modified":"2024-04-02T11:59:05","modified_gmt":"2024-04-02T09:59:05","slug":"actualites","status":"publish","type":"page","link":"https:\/\/hotel-terminus-tournus.com\/en\/actualites\/","title":{"rendered":"News"},"content":{"rendered":"\t\t<div data-elementor-type=\"wp-page\" data-elementor-id=\"878\" class=\"elementor elementor-878\" data-elementor-post-type=\"page\">\n\t\t\t\t\t\t<section class=\"elementor-section elementor-top-section elementor-element elementor-element-998e579 elementor-section-height-min-height elementor-section-items-stretch elementor-section-boxed elementor-section-height-default\" data-id=\"998e579\" data-element_type=\"section\" data-e-type=\"section\" data-settings=\"{&quot;background_background&quot;:&quot;classic&quot;,&quot;background_motion_fx_motion_fx_scrolling&quot;:&quot;yes&quot;,&quot;background_motion_fx_translateY_effect&quot;:&quot;yes&quot;,&quot;background_motion_fx_translateY_speed&quot;:{&quot;unit&quot;:&quot;px&quot;,&quot;size&quot;:8,&quot;sizes&quot;:[]},&quot;background_motion_fx_translateY_affectedRange&quot;:{&quot;unit&quot;:&quot;%&quot;,&quot;size&quot;:&quot;&quot;,&quot;sizes&quot;:{&quot;start&quot;:0,&quot;end&quot;:100}},&quot;background_motion_fx_devices&quot;:[&quot;desktop&quot;,&quot;tablet&quot;,&quot;mobile&quot;]}\">\n\t\t\t\t\t\t\t<div class=\"elementor-background-overlay\"><\/div>\n\t\t\t\t\t\t\t<div class=\"elementor-container elementor-column-gap-wide\">\n\t\t\t\t\t<div class=\"elementor-column elementor-col-100 elementor-top-column elementor-element elementor-element-d73cd46\" data-id=\"d73cd46\" data-element_type=\"column\" data-e-type=\"column\">\n\t\t\t<div class=\"elementor-widget-wrap elementor-element-populated\">\n\t\t\t\t\t\t\t<\/div>\n\t\t<\/div>\n\t\t\t\t\t<\/div>\n\t\t<\/section>\n\t\t\t\t<section class=\"elementor-section elementor-top-section elementor-element elementor-element-0d50443 elementor-section-full_width elementor-section-content-middle elementor-section-height-default elementor-section-height-default\" data-id=\"0d50443\" data-element_type=\"section\" data-e-type=\"section\" data-settings=\"{&quot;background_background&quot;:&quot;classic&quot;}\">\n\t\t\t\t\t\t<div class=\"elementor-container elementor-column-gap-no\">\n\t\t\t\t\t<div class=\"elementor-column elementor-col-100 elementor-top-column elementor-element elementor-element-608cc44\" data-id=\"608cc44\" data-element_type=\"column\" data-e-type=\"column\">\n\t\t\t<div class=\"elementor-widget-wrap elementor-element-populated\">\n\t\t\t\t\t\t<section class=\"elementor-section elementor-inner-section elementor-element elementor-element-8c7c3d1 elementor-section-full_width elementor-section-height-default elementor-section-height-default\" data-id=\"8c7c3d1\" data-element_type=\"section\" data-e-type=\"section\">\n\t\t\t\t\t\t<div class=\"elementor-container elementor-column-gap-wide\">\n\t\t\t\t\t<div class=\"elementor-column elementor-col-100 elementor-inner-column elementor-element elementor-element-46c9b9b\" data-id=\"46c9b9b\" data-element_type=\"column\" data-e-type=\"column\">\n\t\t\t<div class=\"elementor-widget-wrap elementor-element-populated\">\n\t\t\t\t\t\t<div class=\"elementor-element elementor-element-c62f62e elementor-widget elementor-widget-heading\" data-id=\"c62f62e\" data-element_type=\"widget\" data-e-type=\"widget\" data-widget_type=\"heading.default\">\n\t\t\t\t<div class=\"elementor-widget-container\">\n\t\t\t\t\t<h2 class=\"elementor-heading-title elementor-size-default\">D\u00e9couvrez toute l'actualit\u00e9<\/h2>\t\t\t\t<\/div>\n\t\t\t\t<\/div>\n\t\t\t\t<div class=\"elementor-element elementor-element-62dfa3f elementor-widget elementor-widget-spacer\" data-id=\"62dfa3f\" data-element_type=\"widget\" data-e-type=\"widget\" data-widget_type=\"spacer.default\">\n\t\t\t\t<div class=\"elementor-widget-container\">\n\t\t\t\t\t\t\t<div class=\"elementor-spacer\">\n\t\t\t<div class=\"elementor-spacer-inner\"><\/div>\n\t\t<\/div>\n\t\t\t\t\t\t<\/div>\n\t\t\t\t<\/div>\n\t\t\t\t<div class=\"elementor-element elementor-element-ec94c96 elementor-widget elementor-widget-text-editor\" data-id=\"ec94c96\" data-element_type=\"widget\" data-e-type=\"widget\" data-widget_type=\"text-editor.default\">\n\t\t\t\t<div class=\"elementor-widget-container\">\n\t\t\t\t\t\t\t\t\t<p>Retrouvez toute l&rsquo;actualit\u00e9 autour de notre h\u00f4tel et restaurant.<\/p>\t\t\t\t\t\t\t\t<\/div>\n\t\t\t\t<\/div>\n\t\t\t\t\t<\/div>\n\t\t<\/div>\n\t\t\t\t\t<\/div>\n\t\t<\/section>\n\t\t\t\t<section class=\"elementor-section elementor-inner-section elementor-element elementor-element-5130c47 elementor-section-full_width elementor-section-height-default elementor-section-height-default\" data-id=\"5130c47\" data-element_type=\"section\" data-e-type=\"section\">\n\t\t\t\t\t\t<div class=\"elementor-container elementor-column-gap-wide\">\n\t\t\t\t\t<div class=\"elementor-column elementor-col-100 elementor-inner-column elementor-element elementor-element-e9275fb\" data-id=\"e9275fb\" data-element_type=\"column\" data-e-type=\"column\">\n\t\t\t<div class=\"elementor-widget-wrap elementor-element-populated\">\n\t\t\t\t\t\t<div class=\"elementor-element elementor-element-4e76e7e post-card elementor-grid-3 elementor-grid-tablet-2 elementor-grid-mobile-1 elementor-posts--thumbnail-top elementor-card-shadow-yes elementor-posts__hover-gradient elementor-widget elementor-widget-posts\" data-id=\"4e76e7e\" data-element_type=\"widget\" data-e-type=\"widget\" data-settings=\"{&quot;pagination_type&quot;:&quot;load_more_infinite_scroll&quot;,&quot;cards_columns&quot;:&quot;3&quot;,&quot;cards_columns_tablet&quot;:&quot;2&quot;,&quot;cards_columns_mobile&quot;:&quot;1&quot;,&quot;cards_row_gap&quot;:{&quot;unit&quot;:&quot;px&quot;,&quot;size&quot;:35,&quot;sizes&quot;:[]},&quot;cards_row_gap_tablet&quot;:{&quot;unit&quot;:&quot;px&quot;,&quot;size&quot;:&quot;&quot;,&quot;sizes&quot;:[]},&quot;cards_row_gap_mobile&quot;:{&quot;unit&quot;:&quot;px&quot;,&quot;size&quot;:&quot;&quot;,&quot;sizes&quot;:[]},&quot;load_more_spinner&quot;:{&quot;value&quot;:&quot;fas fa-spinner&quot;,&quot;library&quot;:&quot;fa-solid&quot;}}\" data-widget_type=\"posts.cards\">\n\t\t\t\t<div class=\"elementor-widget-container\">\n\t\t\t\t\t\t\t<div class=\"elementor-posts-container elementor-posts elementor-posts--skin-cards elementor-grid\" role=\"list\">\n\t\t\t\t<article class=\"elementor-post elementor-grid-item post-29748 post type-post status-publish format-standard has-post-thumbnail hentry category-restaurant\" role=\"listitem\">\n\t\t\t<div class=\"elementor-post__card\">\n\t\t\t\t<a class=\"elementor-post__thumbnail__link\" href=\"https:\/\/hotel-terminus-tournus.com\/en\/le-lounge\/\" tabindex=\"-1\" ><div class=\"elementor-post__thumbnail\"><img fetchpriority=\"high\" decoding=\"async\" width=\"1536\" height=\"1152\" src=\"https:\/\/hotel-terminus-tournus.com\/wp-content\/uploads\/2022\/05\/Hotel-Restaurant-Le-Terminus-Tournus-Le-Lounge-1.jpeg\" class=\"attachment-full size-full wp-image-31424\" alt=\"\" srcset=\"https:\/\/hotel-terminus-tournus.com\/wp-content\/uploads\/2022\/05\/Hotel-Restaurant-Le-Terminus-Tournus-Le-Lounge-1.jpeg 1536w, https:\/\/hotel-terminus-tournus.com\/wp-content\/uploads\/2022\/05\/Hotel-Restaurant-Le-Terminus-Tournus-Le-Lounge-1-1000x750.jpeg 1000w, https:\/\/hotel-terminus-tournus.com\/wp-content\/uploads\/2022\/05\/Hotel-Restaurant-Le-Terminus-Tournus-Le-Lounge-1-300x225.jpeg 300w, https:\/\/hotel-terminus-tournus.com\/wp-content\/uploads\/2022\/05\/Hotel-Restaurant-Le-Terminus-Tournus-Le-Lounge-1-1024x768.jpeg 1024w, https:\/\/hotel-terminus-tournus.com\/wp-content\/uploads\/2022\/05\/Hotel-Restaurant-Le-Terminus-Tournus-Le-Lounge-1-768x576.jpeg 768w, https:\/\/hotel-terminus-tournus.com\/wp-content\/uploads\/2022\/05\/Hotel-Restaurant-Le-Terminus-Tournus-Le-Lounge-1-16x12.jpeg 16w\" sizes=\"(max-width: 1536px) 100vw, 1536px\" \/><\/div><\/a>\n\t\t\t\t<div class=\"elementor-post__badge\">Restaurant<\/div>\n\t\t\t\t<div class=\"elementor-post__text\">\n\t\t\t\t<h3 class=\"elementor-post__title\">\n\t\t\t<a href=\"https:\/\/hotel-terminus-tournus.com\/en\/le-lounge\/\" >\n\t\t\t\tLe lounge\t\t\t<\/a>\n\t\t<\/h3>\n\t\t\n\t\t<a class=\"elementor-post__read-more\" href=\"https:\/\/hotel-terminus-tournus.com\/en\/le-lounge\/\" aria-label=\"Read more about Le lounge\" tabindex=\"-1\" >\n\t\t\tLire la suite\t\t<\/a>\n\n\t\t\t\t<\/div>\n\t\t\t\t\t<\/div>\n\t\t<\/article>\n\t\t\t\t<article class=\"elementor-post elementor-grid-item post-29742 post type-post status-publish format-standard has-post-thumbnail hentry category-restaurant\" role=\"listitem\">\n\t\t\t<div class=\"elementor-post__card\">\n\t\t\t\t<a class=\"elementor-post__thumbnail__link\" href=\"https:\/\/hotel-terminus-tournus.com\/en\/la-nouvelle-salle-de-restaurant-aux-tonalites-chic-et-cosy\/\" tabindex=\"-1\" ><div class=\"elementor-post__thumbnail\"><img decoding=\"async\" width=\"1536\" height=\"1152\" src=\"https:\/\/hotel-terminus-tournus.com\/wp-content\/uploads\/2022\/05\/Hotel-Terminus-Tournus-Nouvelle-Salle-De-Restaurant-1.jpeg\" class=\"attachment-full size-full wp-image-31426\" alt=\"\" srcset=\"https:\/\/hotel-terminus-tournus.com\/wp-content\/uploads\/2022\/05\/Hotel-Terminus-Tournus-Nouvelle-Salle-De-Restaurant-1.jpeg 1536w, https:\/\/hotel-terminus-tournus.com\/wp-content\/uploads\/2022\/05\/Hotel-Terminus-Tournus-Nouvelle-Salle-De-Restaurant-1-1000x750.jpeg 1000w, https:\/\/hotel-terminus-tournus.com\/wp-content\/uploads\/2022\/05\/Hotel-Terminus-Tournus-Nouvelle-Salle-De-Restaurant-1-300x225.jpeg 300w, https:\/\/hotel-terminus-tournus.com\/wp-content\/uploads\/2022\/05\/Hotel-Terminus-Tournus-Nouvelle-Salle-De-Restaurant-1-1024x768.jpeg 1024w, https:\/\/hotel-terminus-tournus.com\/wp-content\/uploads\/2022\/05\/Hotel-Terminus-Tournus-Nouvelle-Salle-De-Restaurant-1-768x576.jpeg 768w, https:\/\/hotel-terminus-tournus.com\/wp-content\/uploads\/2022\/05\/Hotel-Terminus-Tournus-Nouvelle-Salle-De-Restaurant-1-16x12.jpeg 16w\" sizes=\"(max-width: 1536px) 100vw, 1536px\" \/><\/div><\/a>\n\t\t\t\t<div class=\"elementor-post__badge\">Restaurant<\/div>\n\t\t\t\t<div class=\"elementor-post__text\">\n\t\t\t\t<h3 class=\"elementor-post__title\">\n\t\t\t<a href=\"https:\/\/hotel-terminus-tournus.com\/en\/la-nouvelle-salle-de-restaurant-aux-tonalites-chic-et-cosy\/\" >\n\t\t\t\tLa nouvelle salle de restaurant aux tonalit\u00e9s chic et cosy\t\t\t<\/a>\n\t\t<\/h3>\n\t\t\n\t\t<a class=\"elementor-post__read-more\" href=\"https:\/\/hotel-terminus-tournus.com\/en\/la-nouvelle-salle-de-restaurant-aux-tonalites-chic-et-cosy\/\" aria-label=\"Read more about La nouvelle salle de restaurant aux tonalit\u00e9s chic et cosy\" tabindex=\"-1\" >\n\t\t\tLire la suite\t\t<\/a>\n\n\t\t\t\t<\/div>\n\t\t\t\t\t<\/div>\n\t\t<\/article>\n\t\t\t\t<article class=\"elementor-post elementor-grid-item post-29735 post type-post status-publish format-standard has-post-thumbnail hentry category-la-cuisine category-restaurant\" role=\"listitem\">\n\t\t\t<div class=\"elementor-post__card\">\n\t\t\t\t<a class=\"elementor-post__thumbnail__link\" href=\"https:\/\/hotel-terminus-tournus.com\/en\/plat-du-jour-du-moment\/\" tabindex=\"-1\" ><div class=\"elementor-post__thumbnail\"><img decoding=\"async\" width=\"480\" height=\"640\" src=\"https:\/\/hotel-terminus-tournus.com\/wp-content\/uploads\/2022\/05\/IMG_4649-rotated.jpeg\" class=\"attachment-full size-full wp-image-33341\" alt=\"\" srcset=\"https:\/\/hotel-terminus-tournus.com\/wp-content\/uploads\/2022\/05\/IMG_4649-rotated.jpeg 480w, https:\/\/hotel-terminus-tournus.com\/wp-content\/uploads\/2022\/05\/IMG_4649-225x300.jpeg 225w, https:\/\/hotel-terminus-tournus.com\/wp-content\/uploads\/2022\/05\/IMG_4649-9x12.jpeg 9w\" sizes=\"(max-width: 480px) 100vw, 480px\" \/><\/div><\/a>\n\t\t\t\t<div class=\"elementor-post__badge\">Cuisine<\/div>\n\t\t\t\t<div class=\"elementor-post__text\">\n\t\t\t\t<h3 class=\"elementor-post__title\">\n\t\t\t<a href=\"https:\/\/hotel-terminus-tournus.com\/en\/plat-du-jour-du-moment\/\" >\n\t\t\t\tLe Semainier\t\t\t<\/a>\n\t\t<\/h3>\n\t\t\n\t\t<a class=\"elementor-post__read-more\" href=\"https:\/\/hotel-terminus-tournus.com\/en\/plat-du-jour-du-moment\/\" aria-label=\"Read more about Le Semainier\" tabindex=\"-1\" >\n\t\t\tLire la suite\t\t<\/a>\n\n\t\t\t\t<\/div>\n\t\t\t\t\t<\/div>\n\t\t<\/article>\n\t\t\t\t<article class=\"elementor-post elementor-grid-item post-29721 post type-post status-publish format-standard has-post-thumbnail hentry category-la-cuisine\" role=\"listitem\">\n\t\t\t<div class=\"elementor-post__card\">\n\t\t\t\t<a class=\"elementor-post__thumbnail__link\" href=\"https:\/\/hotel-terminus-tournus.com\/en\/un-tandem-en-cuisine\/\" tabindex=\"-1\" ><div class=\"elementor-post__thumbnail\"><img loading=\"lazy\" decoding=\"async\" width=\"480\" height=\"530\" src=\"https:\/\/hotel-terminus-tournus.com\/wp-content\/uploads\/2022\/05\/olivier.jpeg\" class=\"attachment-full size-full wp-image-29723\" alt=\"\" srcset=\"https:\/\/hotel-terminus-tournus.com\/wp-content\/uploads\/2022\/05\/olivier.jpeg 480w, https:\/\/hotel-terminus-tournus.com\/wp-content\/uploads\/2022\/05\/olivier-272x300.jpeg 272w\" sizes=\"(max-width: 480px) 100vw, 480px\" \/><\/div><\/a>\n\t\t\t\t<div class=\"elementor-post__badge\">Cuisine<\/div>\n\t\t\t\t<div class=\"elementor-post__text\">\n\t\t\t\t<h3 class=\"elementor-post__title\">\n\t\t\t<a href=\"https:\/\/hotel-terminus-tournus.com\/en\/un-tandem-en-cuisine\/\" >\n\t\t\t\tUn tandem en Cuisine\t\t\t<\/a>\n\t\t<\/h3>\n\t\t\n\t\t<a class=\"elementor-post__read-more\" href=\"https:\/\/hotel-terminus-tournus.com\/en\/un-tandem-en-cuisine\/\" aria-label=\"Read more about Un tandem en Cuisine\" tabindex=\"-1\" >\n\t\t\tLire la suite\t\t<\/a>\n\n\t\t\t\t<\/div>\n\t\t\t\t\t<\/div>\n\t\t<\/article>\n\t\t\t\t<article class=\"elementor-post elementor-grid-item post-378 post type-post status-publish format-standard has-post-thumbnail hentry category-restaurant\" role=\"listitem\">\n\t\t\t<div class=\"elementor-post__card\">\n\t\t\t\t<a class=\"elementor-post__thumbnail__link\" href=\"https:\/\/hotel-terminus-tournus.com\/en\/un-hote-surprise-au-restaurant\/\" tabindex=\"-1\" ><div class=\"elementor-post__thumbnail\"><img loading=\"lazy\" decoding=\"async\" width=\"720\" height=\"960\" src=\"https:\/\/hotel-terminus-tournus.com\/wp-content\/uploads\/2022\/05\/visite-de-guy-marchand.jpg\" class=\"attachment-full size-full wp-image-29706\" alt=\"\" srcset=\"https:\/\/hotel-terminus-tournus.com\/wp-content\/uploads\/2022\/05\/visite-de-guy-marchand.jpg 720w, https:\/\/hotel-terminus-tournus.com\/wp-content\/uploads\/2022\/05\/visite-de-guy-marchand-225x300.jpg 225w\" sizes=\"(max-width: 720px) 100vw, 720px\" \/><\/div><\/a>\n\t\t\t\t<div class=\"elementor-post__badge\">Restaurant<\/div>\n\t\t\t\t<div class=\"elementor-post__text\">\n\t\t\t\t<h3 class=\"elementor-post__title\">\n\t\t\t<a href=\"https:\/\/hotel-terminus-tournus.com\/en\/un-hote-surprise-au-restaurant\/\" >\n\t\t\t\tUn h\u00f4te surprise au restaurant\t\t\t<\/a>\n\t\t<\/h3>\n\t\t\n\t\t<a class=\"elementor-post__read-more\" href=\"https:\/\/hotel-terminus-tournus.com\/en\/un-hote-surprise-au-restaurant\/\" aria-label=\"Read more about Un h\u00f4te surprise au restaurant\" tabindex=\"-1\" >\n\t\t\tLire la suite\t\t<\/a>\n\n\t\t\t\t<\/div>\n\t\t\t\t\t<\/div>\n\t\t<\/article>\n\t\t\t\t<\/div>\n\t\t\t\t\t<span class=\"e-load-more-spinner\">\n\t\t\t\t<i aria-hidden=\"true\" class=\"fas fa-spinner\"><\/i>\t\t\t<\/span>\n\t\t\n\t\t\t\t\t\t<\/div>\n\t\t\t\t<\/div>\n\t\t\t\t\t<\/div>\n\t\t<\/div>\n\t\t\t\t\t<\/div>\n\t\t<\/section>\n\t\t\t\t\t<\/div>\n\t\t<\/div>\n\t\t\t\t\t<\/div>\n\t\t<\/section>\n\t\t\t\t<\/div>\n\t\t","protected":false},"excerpt":{"rendered":"<p>D\u00e9couvrez toute l&rsquo;actualit\u00e9 Retrouvez toute l&rsquo;actualit\u00e9 autour de notre h\u00f4tel et restaurant.<\/p>","protected":false},"author":1,"featured_media":31441,"parent":0,"menu_order":70,"comment_status":"closed","ping_status":"closed","template":"","meta":{"_acf_changed":false,"footnotes":""},"class_list":["post-878","page","type-page","status-publish","has-post-thumbnail","hentry"],"acf":[],"yoast_head":"<!-- This site is optimized with the Yoast SEO plugin v27.4 - https:\/\/yoast.com\/product\/yoast-seo-wordpress\/ -->\n<title>Actualit\u00e9s - H\u00f4tel Terminus Tournus<\/title>\n<meta name=\"robots\" content=\"index, follow, max-snippet:-1, max-image-preview:large, max-video-preview:-1\" \/>\n<link rel=\"canonical\" href=\"https:\/\/hotel-terminus-tournus.com\/en\/actualites\/\" \/>\n<meta property=\"og:locale\" content=\"en_GB\" \/>\n<meta property=\"og:type\" content=\"article\" \/>\n<meta property=\"og:title\" content=\"Actualit\u00e9s - H\u00f4tel Terminus Tournus\" \/>\n<meta property=\"og:description\" content=\"D\u00e9couvrez toute l&rsquo;actualit\u00e9 Retrouvez toute l&rsquo;actualit\u00e9 autour de notre h\u00f4tel et restaurant.\" \/>\n<meta property=\"og:url\" content=\"https:\/\/hotel-terminus-tournus.com\/en\/actualites\/\" \/>\n<meta property=\"og:site_name\" content=\"H\u00f4tel Terminus Tournus\" \/>\n<meta property=\"article:modified_time\" content=\"2024-04-02T09:59:05+00:00\" \/>\n<meta property=\"og:image\" content=\"https:\/\/hotel-terminus-tournus.com\/wp-content\/uploads\/2022\/06\/Hotel-restaurant-terminus-tournus-10-1.jpg\" \/>\n\t<meta property=\"og:image:width\" content=\"1147\" \/>\n\t<meta property=\"og:image:height\" content=\"765\" \/>\n\t<meta property=\"og:image:type\" content=\"image\/jpeg\" \/>\n<meta name=\"twitter:card\" content=\"summary_large_image\" \/>\n<meta name=\"twitter:label1\" content=\"Estimated reading time\" \/>\n\t<meta name=\"twitter:data1\" content=\"2 minutes\" \/>\n<script type=\"application\/ld+json\" class=\"yoast-schema-graph\">{\"@context\":\"https:\\\/\\\/schema.org\",\"@graph\":[{\"@type\":\"WebPage\",\"@id\":\"https:\\\/\\\/hotel-terminus-tournus.com\\\/actualites\\\/\",\"url\":\"https:\\\/\\\/hotel-terminus-tournus.com\\\/actualites\\\/\",\"name\":\"Actualit\u00e9s - H\u00f4tel Terminus Tournus\",\"isPartOf\":{\"@id\":\"https:\\\/\\\/hotel-terminus-tournus.com\\\/#website\"},\"primaryImageOfPage\":{\"@id\":\"https:\\\/\\\/hotel-terminus-tournus.com\\\/actualites\\\/#primaryimage\"},\"image\":{\"@id\":\"https:\\\/\\\/hotel-terminus-tournus.com\\\/actualites\\\/#primaryimage\"},\"thumbnailUrl\":\"https:\\\/\\\/hotel-terminus-tournus.com\\\/wp-content\\\/uploads\\\/2022\\\/06\\\/Hotel-restaurant-terminus-tournus-10-1.jpg\",\"datePublished\":\"2021-05-04T11:36:33+00:00\",\"dateModified\":\"2024-04-02T09:59:05+00:00\",\"breadcrumb\":{\"@id\":\"https:\\\/\\\/hotel-terminus-tournus.com\\\/actualites\\\/#breadcrumb\"},\"inLanguage\":\"en-GB\",\"potentialAction\":[{\"@type\":\"ReadAction\",\"target\":[\"https:\\\/\\\/hotel-terminus-tournus.com\\\/actualites\\\/\"]}]},{\"@type\":\"ImageObject\",\"inLanguage\":\"en-GB\",\"@id\":\"https:\\\/\\\/hotel-terminus-tournus.com\\\/actualites\\\/#primaryimage\",\"url\":\"https:\\\/\\\/hotel-terminus-tournus.com\\\/wp-content\\\/uploads\\\/2022\\\/06\\\/Hotel-restaurant-terminus-tournus-10-1.jpg\",\"contentUrl\":\"https:\\\/\\\/hotel-terminus-tournus.com\\\/wp-content\\\/uploads\\\/2022\\\/06\\\/Hotel-restaurant-terminus-tournus-10-1.jpg\",\"width\":1147,\"height\":765},{\"@type\":\"BreadcrumbList\",\"@id\":\"https:\\\/\\\/hotel-terminus-tournus.com\\\/actualites\\\/#breadcrumb\",\"itemListElement\":[{\"@type\":\"ListItem\",\"position\":1,\"name\":\"Accueil\",\"item\":\"https:\\\/\\\/hotel-terminus-tournus.com\\\/\"},{\"@type\":\"ListItem\",\"position\":2,\"name\":\"Actualit\u00e9s\"}]},{\"@type\":\"WebSite\",\"@id\":\"https:\\\/\\\/hotel-terminus-tournus.com\\\/#website\",\"url\":\"https:\\\/\\\/hotel-terminus-tournus.com\\\/\",\"name\":\"H\u00f4tel Terminus Tournus\",\"description\":\"H\u00f4tel &amp; Restaurant depuis 2004\",\"publisher\":{\"@id\":\"https:\\\/\\\/hotel-terminus-tournus.com\\\/#organization\"},\"potentialAction\":[{\"@type\":\"SearchAction\",\"target\":{\"@type\":\"EntryPoint\",\"urlTemplate\":\"https:\\\/\\\/hotel-terminus-tournus.com\\\/?s={search_term_string}\"},\"query-input\":{\"@type\":\"PropertyValueSpecification\",\"valueRequired\":true,\"valueName\":\"search_term_string\"}}],\"inLanguage\":\"en-GB\"},{\"@type\":\"Organization\",\"@id\":\"https:\\\/\\\/hotel-terminus-tournus.com\\\/#organization\",\"name\":\"H\u00f4tel Terminus Tournus\",\"url\":\"https:\\\/\\\/hotel-terminus-tournus.com\\\/\",\"logo\":{\"@type\":\"ImageObject\",\"inLanguage\":\"en-GB\",\"@id\":\"https:\\\/\\\/hotel-terminus-tournus.com\\\/#\\\/schema\\\/logo\\\/image\\\/\",\"url\":\"https:\\\/\\\/hotel-terminus-tournus.com\\\/wp-content\\\/uploads\\\/2022\\\/05\\\/logo-le-terminus.png\",\"contentUrl\":\"https:\\\/\\\/hotel-terminus-tournus.com\\\/wp-content\\\/uploads\\\/2022\\\/05\\\/logo-le-terminus.png\",\"width\":280,\"height\":60,\"caption\":\"H\u00f4tel Terminus Tournus\"},\"image\":{\"@id\":\"https:\\\/\\\/hotel-terminus-tournus.com\\\/#\\\/schema\\\/logo\\\/image\\\/\"}}]}<\/script>\n<!-- \/ Yoast SEO plugin. -->","yoast_head_json":{"title":"Actualit\u00e9s - H\u00f4tel Terminus Tournus","robots":{"index":"index","follow":"follow","max-snippet":"max-snippet:-1","max-image-preview":"max-image-preview:large","max-video-preview":"max-video-preview:-1"},"canonical":"https:\/\/hotel-terminus-tournus.com\/en\/actualites\/","og_locale":"en_GB","og_type":"article","og_title":"Actualit\u00e9s - H\u00f4tel Terminus Tournus","og_description":"D\u00e9couvrez toute l&rsquo;actualit\u00e9 Retrouvez toute l&rsquo;actualit\u00e9 autour de notre h\u00f4tel et restaurant.","og_url":"https:\/\/hotel-terminus-tournus.com\/en\/actualites\/","og_site_name":"H\u00f4tel Terminus Tournus","article_modified_time":"2024-04-02T09:59:05+00:00","og_image":[{"width":1147,"height":765,"url":"https:\/\/hotel-terminus-tournus.com\/wp-content\/uploads\/2022\/06\/Hotel-restaurant-terminus-tournus-10-1.jpg","type":"image\/jpeg"}],"twitter_card":"summary_large_image","twitter_misc":{"Estimated reading time":"2 minutes"},"schema":{"@context":"https:\/\/schema.org","@graph":[{"@type":"WebPage","@id":"https:\/\/hotel-terminus-tournus.com\/actualites\/","url":"https:\/\/hotel-terminus-tournus.com\/actualites\/","name":"Actualit\u00e9s - H\u00f4tel Terminus Tournus","isPartOf":{"@id":"https:\/\/hotel-terminus-tournus.com\/#website"},"primaryImageOfPage":{"@id":"https:\/\/hotel-terminus-tournus.com\/actualites\/#primaryimage"},"image":{"@id":"https:\/\/hotel-terminus-tournus.com\/actualites\/#primaryimage"},"thumbnailUrl":"https:\/\/hotel-terminus-tournus.com\/wp-content\/uploads\/2022\/06\/Hotel-restaurant-terminus-tournus-10-1.jpg","datePublished":"2021-05-04T11:36:33+00:00","dateModified":"2024-04-02T09:59:05+00:00","breadcrumb":{"@id":"https:\/\/hotel-terminus-tournus.com\/actualites\/#breadcrumb"},"inLanguage":"en-GB","potentialAction":[{"@type":"ReadAction","target":["https:\/\/hotel-terminus-tournus.com\/actualites\/"]}]},{"@type":"ImageObject","inLanguage":"en-GB","@id":"https:\/\/hotel-terminus-tournus.com\/actualites\/#primaryimage","url":"https:\/\/hotel-terminus-tournus.com\/wp-content\/uploads\/2022\/06\/Hotel-restaurant-terminus-tournus-10-1.jpg","contentUrl":"https:\/\/hotel-terminus-tournus.com\/wp-content\/uploads\/2022\/06\/Hotel-restaurant-terminus-tournus-10-1.jpg","width":1147,"height":765},{"@type":"BreadcrumbList","@id":"https:\/\/hotel-terminus-tournus.com\/actualites\/#breadcrumb","itemListElement":[{"@type":"ListItem","position":1,"name":"Accueil","item":"https:\/\/hotel-terminus-tournus.com\/"},{"@type":"ListItem","position":2,"name":"Actualit\u00e9s"}]},{"@type":"WebSite","@id":"https:\/\/hotel-terminus-tournus.com\/#website","url":"https:\/\/hotel-terminus-tournus.com\/","name":"Hotel Terminus Tournus","description":"H\u00f4tel &amp; Restaurant depuis 2004","publisher":{"@id":"https:\/\/hotel-terminus-tournus.com\/#organization"},"potentialAction":[{"@type":"SearchAction","target":{"@type":"EntryPoint","urlTemplate":"https:\/\/hotel-terminus-tournus.com\/?s={search_term_string}"},"query-input":{"@type":"PropertyValueSpecification","valueRequired":true,"valueName":"search_term_string"}}],"inLanguage":"en-GB"},{"@type":"Organization","@id":"https:\/\/hotel-terminus-tournus.com\/#organization","name":"Hotel Terminus Tournus","url":"https:\/\/hotel-terminus-tournus.com\/","logo":{"@type":"ImageObject","inLanguage":"en-GB","@id":"https:\/\/hotel-terminus-tournus.com\/#\/schema\/logo\/image\/","url":"https:\/\/hotel-terminus-tournus.com\/wp-content\/uploads\/2022\/05\/logo-le-terminus.png","contentUrl":"https:\/\/hotel-terminus-tournus.com\/wp-content\/uploads\/2022\/05\/logo-le-terminus.png","width":280,"height":60,"caption":"H\u00f4tel Terminus Tournus"},"image":{"@id":"https:\/\/hotel-terminus-tournus.com\/#\/schema\/logo\/image\/"}}]}},"_links":{"self":[{"href":"https:\/\/hotel-terminus-tournus.com\/en\/wp-json\/wp\/v2\/pages\/878","targetHints":{"allow":["GET"]}}],"collection":[{"href":"https:\/\/hotel-terminus-tournus.com\/en\/wp-json\/wp\/v2\/pages"}],"about":[{"href":"https:\/\/hotel-terminus-tournus.com\/en\/wp-json\/wp\/v2\/types\/page"}],"author":[{"embeddable":true,"href":"https:\/\/hotel-terminus-tournus.com\/en\/wp-json\/wp\/v2\/users\/1"}],"replies":[{"embeddable":true,"href":"https:\/\/hotel-terminus-tournus.com\/en\/wp-json\/wp\/v2\/comments?post=878"}],"version-history":[{"count":1,"href":"https:\/\/hotel-terminus-tournus.com\/en\/wp-json\/wp\/v2\/pages\/878\/revisions"}],"predecessor-version":[{"id":32204,"href":"https:\/\/hotel-terminus-tournus.com\/en\/wp-json\/wp\/v2\/pages\/878\/revisions\/32204"}],"wp:featuredmedia":[{"embeddable":true,"href":"https:\/\/hotel-terminus-tournus.com\/en\/wp-json\/wp\/v2\/media\/31441"}],"wp:attachment":[{"href":"https:\/\/hotel-terminus-tournus.com\/en\/wp-json\/wp\/v2\/media?parent=878"}],"curies":[{"name":"wp","href":"https:\/\/api.w.org\/{rel}","templated":true}]}}