{"id":32427,"date":"2024-09-12T17:17:27","date_gmt":"2024-09-12T15:17:27","guid":{"rendered":"https:\/\/hotel-terminus-tournus.com\/?post_type=product&#038;p=32427"},"modified":"2025-10-23T10:06:25","modified_gmt":"2025-10-23T08:06:25","slug":"bon-cadeau","status":"publish","type":"product","link":"https:\/\/hotel-terminus-tournus.com\/en\/product\/bon-cadeau\/","title":{"rendered":"Bon Cadeau"},"content":{"rendered":"","protected":false},"excerpt":{"rendered":"<p>A la recherche d\u2019une <strong>id\u00e9e cadeau <\/strong>?<br \/>\nOffrez \u00e0 vos proches une <strong>exp\u00e9rience unique<\/strong> au restaurant Terminus Tournus !<\/p>\n<p>En quelques clics, recevez par mail le bon cadeau que vous souhaitez offrir.<\/p>","protected":false},"featured_media":32444,"template":"","meta":{"_acf_changed":false},"product_brand":[],"product_cat":[19],"product_tag":[],"class_list":{"0":"post-32427","1":"product","2":"type-product","3":"status-publish","4":"has-post-thumbnail","6":"product_cat-uncategorized","7":"description-off","9":"first","10":"instock","11":"shipping-taxable","12":"purchasable","13":"product-type-variable"},"acf":[],"yoast_head":"<!-- This site is optimized with the Yoast SEO plugin v27.4 - https:\/\/yoast.com\/product\/yoast-seo-wordpress\/ -->\n<title>Bon Cadeau - H\u00f4tel Terminus Tournus<\/title>\n<meta name=\"robots\" content=\"index, follow, max-snippet:-1, max-image-preview:large, max-video-preview:-1\" \/>\n<link rel=\"canonical\" href=\"https:\/\/hotel-terminus-tournus.com\/en\/product\/bon-cadeau\/\" \/>\n<meta property=\"og:locale\" content=\"en_GB\" \/>\n<meta property=\"og:type\" content=\"article\" \/>\n<meta property=\"og:title\" content=\"Bon Cadeau - H\u00f4tel Terminus Tournus\" \/>\n<meta property=\"og:description\" content=\"A la recherche d\u2019une id\u00e9e cadeau ? Offrez \u00e0 vos proches une exp\u00e9rience unique au restaurant Terminus Tournus !  En quelques clics, recevez par mail le bon cadeau que vous souhaitez offrir.\" \/>\n<meta property=\"og:url\" content=\"https:\/\/hotel-terminus-tournus.com\/en\/product\/bon-cadeau\/\" \/>\n<meta property=\"og:site_name\" content=\"H\u00f4tel Terminus Tournus\" \/>\n<meta property=\"article:modified_time\" content=\"2025-10-23T08:06:25+00:00\" \/>\n<meta property=\"og:image\" content=\"https:\/\/hotel-terminus-tournus.com\/wp-content\/uploads\/2024\/09\/Bon-Cadeau-Hotel-Terminus-Tournus-2.png\" \/>\n\t<meta property=\"og:image:width\" content=\"1000\" \/>\n\t<meta property=\"og:image:height\" content=\"1000\" \/>\n\t<meta property=\"og:image:type\" content=\"image\/png\" \/>\n<meta name=\"twitter:card\" content=\"summary_large_image\" \/>\n<meta name=\"twitter:label1\" content=\"Estimated reading time\" \/>\n\t<meta name=\"twitter:data1\" content=\"1 minute\" \/>\n<script type=\"application\/ld+json\" class=\"yoast-schema-graph\">{\"@context\":\"https:\\\/\\\/schema.org\",\"@graph\":[{\"@type\":\"WebPage\",\"@id\":\"https:\\\/\\\/hotel-terminus-tournus.com\\\/product\\\/bon-cadeau\\\/\",\"url\":\"https:\\\/\\\/hotel-terminus-tournus.com\\\/product\\\/bon-cadeau\\\/\",\"name\":\"Bon Cadeau - H\u00f4tel Terminus Tournus\",\"isPartOf\":{\"@id\":\"https:\\\/\\\/hotel-terminus-tournus.com\\\/#website\"},\"primaryImageOfPage\":{\"@id\":\"https:\\\/\\\/hotel-terminus-tournus.com\\\/product\\\/bon-cadeau\\\/#primaryimage\"},\"image\":{\"@id\":\"https:\\\/\\\/hotel-terminus-tournus.com\\\/product\\\/bon-cadeau\\\/#primaryimage\"},\"thumbnailUrl\":\"https:\\\/\\\/hotel-terminus-tournus.com\\\/wp-content\\\/uploads\\\/2024\\\/09\\\/Bon-Cadeau-Hotel-Terminus-Tournus-2.png\",\"datePublished\":\"2024-09-12T15:17:27+00:00\",\"dateModified\":\"2025-10-23T08:06:25+00:00\",\"breadcrumb\":{\"@id\":\"https:\\\/\\\/hotel-terminus-tournus.com\\\/product\\\/bon-cadeau\\\/#breadcrumb\"},\"inLanguage\":\"en-GB\",\"potentialAction\":[{\"@type\":\"ReadAction\",\"target\":[\"https:\\\/\\\/hotel-terminus-tournus.com\\\/product\\\/bon-cadeau\\\/\"]}]},{\"@type\":\"ImageObject\",\"inLanguage\":\"en-GB\",\"@id\":\"https:\\\/\\\/hotel-terminus-tournus.com\\\/product\\\/bon-cadeau\\\/#primaryimage\",\"url\":\"https:\\\/\\\/hotel-terminus-tournus.com\\\/wp-content\\\/uploads\\\/2024\\\/09\\\/Bon-Cadeau-Hotel-Terminus-Tournus-2.png\",\"contentUrl\":\"https:\\\/\\\/hotel-terminus-tournus.com\\\/wp-content\\\/uploads\\\/2024\\\/09\\\/Bon-Cadeau-Hotel-Terminus-Tournus-2.png\",\"width\":1000,\"height\":1000},{\"@type\":\"BreadcrumbList\",\"@id\":\"https:\\\/\\\/hotel-terminus-tournus.com\\\/product\\\/bon-cadeau\\\/#breadcrumb\",\"itemListElement\":[{\"@type\":\"ListItem\",\"position\":1,\"name\":\"Accueil\",\"item\":\"https:\\\/\\\/hotel-terminus-tournus.com\\\/\"},{\"@type\":\"ListItem\",\"position\":2,\"name\":\"Produits\",\"item\":\"https:\\\/\\\/hotel-terminus-tournus.com\\\/shop\\\/\"},{\"@type\":\"ListItem\",\"position\":3,\"name\":\"Bon Cadeau\"}]},{\"@type\":\"WebSite\",\"@id\":\"https:\\\/\\\/hotel-terminus-tournus.com\\\/#website\",\"url\":\"https:\\\/\\\/hotel-terminus-tournus.com\\\/\",\"name\":\"H\u00f4tel Terminus Tournus\",\"description\":\"H\u00f4tel &amp; Restaurant depuis 2004\",\"publisher\":{\"@id\":\"https:\\\/\\\/hotel-terminus-tournus.com\\\/#organization\"},\"potentialAction\":[{\"@type\":\"SearchAction\",\"target\":{\"@type\":\"EntryPoint\",\"urlTemplate\":\"https:\\\/\\\/hotel-terminus-tournus.com\\\/?s={search_term_string}\"},\"query-input\":{\"@type\":\"PropertyValueSpecification\",\"valueRequired\":true,\"valueName\":\"search_term_string\"}}],\"inLanguage\":\"en-GB\"},{\"@type\":\"Organization\",\"@id\":\"https:\\\/\\\/hotel-terminus-tournus.com\\\/#organization\",\"name\":\"H\u00f4tel Terminus Tournus\",\"url\":\"https:\\\/\\\/hotel-terminus-tournus.com\\\/\",\"logo\":{\"@type\":\"ImageObject\",\"inLanguage\":\"en-GB\",\"@id\":\"https:\\\/\\\/hotel-terminus-tournus.com\\\/#\\\/schema\\\/logo\\\/image\\\/\",\"url\":\"https:\\\/\\\/hotel-terminus-tournus.com\\\/wp-content\\\/uploads\\\/2022\\\/05\\\/logo-le-terminus.png\",\"contentUrl\":\"https:\\\/\\\/hotel-terminus-tournus.com\\\/wp-content\\\/uploads\\\/2022\\\/05\\\/logo-le-terminus.png\",\"width\":280,\"height\":60,\"caption\":\"H\u00f4tel Terminus Tournus\"},\"image\":{\"@id\":\"https:\\\/\\\/hotel-terminus-tournus.com\\\/#\\\/schema\\\/logo\\\/image\\\/\"}}]}<\/script>\n<!-- \/ Yoast SEO plugin. -->","yoast_head_json":{"title":"Bon Cadeau - H\u00f4tel Terminus Tournus","robots":{"index":"index","follow":"follow","max-snippet":"max-snippet:-1","max-image-preview":"max-image-preview:large","max-video-preview":"max-video-preview:-1"},"canonical":"https:\/\/hotel-terminus-tournus.com\/en\/product\/bon-cadeau\/","og_locale":"en_GB","og_type":"article","og_title":"Bon Cadeau - H\u00f4tel Terminus Tournus","og_description":"A la recherche d\u2019une id\u00e9e cadeau ? Offrez \u00e0 vos proches une exp\u00e9rience unique au restaurant Terminus Tournus !  En quelques clics, recevez par mail le bon cadeau que vous souhaitez offrir.","og_url":"https:\/\/hotel-terminus-tournus.com\/en\/product\/bon-cadeau\/","og_site_name":"H\u00f4tel Terminus Tournus","article_modified_time":"2025-10-23T08:06:25+00:00","og_image":[{"width":1000,"height":1000,"url":"https:\/\/hotel-terminus-tournus.com\/wp-content\/uploads\/2024\/09\/Bon-Cadeau-Hotel-Terminus-Tournus-2.png","type":"image\/png"}],"twitter_card":"summary_large_image","twitter_misc":{"Estimated reading time":"1 minute"},"schema":{"@context":"https:\/\/schema.org","@graph":[{"@type":"WebPage","@id":"https:\/\/hotel-terminus-tournus.com\/product\/bon-cadeau\/","url":"https:\/\/hotel-terminus-tournus.com\/product\/bon-cadeau\/","name":"Bon Cadeau - H\u00f4tel Terminus Tournus","isPartOf":{"@id":"https:\/\/hotel-terminus-tournus.com\/#website"},"primaryImageOfPage":{"@id":"https:\/\/hotel-terminus-tournus.com\/product\/bon-cadeau\/#primaryimage"},"image":{"@id":"https:\/\/hotel-terminus-tournus.com\/product\/bon-cadeau\/#primaryimage"},"thumbnailUrl":"https:\/\/hotel-terminus-tournus.com\/wp-content\/uploads\/2024\/09\/Bon-Cadeau-Hotel-Terminus-Tournus-2.png","datePublished":"2024-09-12T15:17:27+00:00","dateModified":"2025-10-23T08:06:25+00:00","breadcrumb":{"@id":"https:\/\/hotel-terminus-tournus.com\/product\/bon-cadeau\/#breadcrumb"},"inLanguage":"en-GB","potentialAction":[{"@type":"ReadAction","target":["https:\/\/hotel-terminus-tournus.com\/product\/bon-cadeau\/"]}]},{"@type":"ImageObject","inLanguage":"en-GB","@id":"https:\/\/hotel-terminus-tournus.com\/product\/bon-cadeau\/#primaryimage","url":"https:\/\/hotel-terminus-tournus.com\/wp-content\/uploads\/2024\/09\/Bon-Cadeau-Hotel-Terminus-Tournus-2.png","contentUrl":"https:\/\/hotel-terminus-tournus.com\/wp-content\/uploads\/2024\/09\/Bon-Cadeau-Hotel-Terminus-Tournus-2.png","width":1000,"height":1000},{"@type":"BreadcrumbList","@id":"https:\/\/hotel-terminus-tournus.com\/product\/bon-cadeau\/#breadcrumb","itemListElement":[{"@type":"ListItem","position":1,"name":"Accueil","item":"https:\/\/hotel-terminus-tournus.com\/"},{"@type":"ListItem","position":2,"name":"Produits","item":"https:\/\/hotel-terminus-tournus.com\/shop\/"},{"@type":"ListItem","position":3,"name":"Bon Cadeau"}]},{"@type":"WebSite","@id":"https:\/\/hotel-terminus-tournus.com\/#website","url":"https:\/\/hotel-terminus-tournus.com\/","name":"Hotel Terminus Tournus","description":"H\u00f4tel &amp; Restaurant depuis 2004","publisher":{"@id":"https:\/\/hotel-terminus-tournus.com\/#organization"},"potentialAction":[{"@type":"SearchAction","target":{"@type":"EntryPoint","urlTemplate":"https:\/\/hotel-terminus-tournus.com\/?s={search_term_string}"},"query-input":{"@type":"PropertyValueSpecification","valueRequired":true,"valueName":"search_term_string"}}],"inLanguage":"en-GB"},{"@type":"Organization","@id":"https:\/\/hotel-terminus-tournus.com\/#organization","name":"Hotel Terminus Tournus","url":"https:\/\/hotel-terminus-tournus.com\/","logo":{"@type":"ImageObject","inLanguage":"en-GB","@id":"https:\/\/hotel-terminus-tournus.com\/#\/schema\/logo\/image\/","url":"https:\/\/hotel-terminus-tournus.com\/wp-content\/uploads\/2022\/05\/logo-le-terminus.png","contentUrl":"https:\/\/hotel-terminus-tournus.com\/wp-content\/uploads\/2022\/05\/logo-le-terminus.png","width":280,"height":60,"caption":"H\u00f4tel Terminus Tournus"},"image":{"@id":"https:\/\/hotel-terminus-tournus.com\/#\/schema\/logo\/image\/"}}]}},"_links":{"self":[{"href":"https:\/\/hotel-terminus-tournus.com\/en\/wp-json\/wp\/v2\/product\/32427","targetHints":{"allow":["GET"]}}],"collection":[{"href":"https:\/\/hotel-terminus-tournus.com\/en\/wp-json\/wp\/v2\/product"}],"about":[{"href":"https:\/\/hotel-terminus-tournus.com\/en\/wp-json\/wp\/v2\/types\/product"}],"wp:featuredmedia":[{"embeddable":true,"href":"https:\/\/hotel-terminus-tournus.com\/en\/wp-json\/wp\/v2\/media\/32444"}],"wp:attachment":[{"href":"https:\/\/hotel-terminus-tournus.com\/en\/wp-json\/wp\/v2\/media?parent=32427"}],"wp:term":[{"taxonomy":"product_brand","embeddable":true,"href":"https:\/\/hotel-terminus-tournus.com\/en\/wp-json\/wp\/v2\/product_brand?post=32427"},{"taxonomy":"product_cat","embeddable":true,"href":"https:\/\/hotel-terminus-tournus.com\/en\/wp-json\/wp\/v2\/product_cat?post=32427"},{"taxonomy":"product_tag","embeddable":true,"href":"https:\/\/hotel-terminus-tournus.com\/en\/wp-json\/wp\/v2\/product_tag?post=32427"}],"curies":[{"name":"wp","href":"https:\/\/api.w.org\/{rel}","templated":true}]}}